{"id":47,"date":"2020-08-25T18:32:38","date_gmt":"2020-08-25T16:32:38","guid":{"rendered":"http:\/\/www.die-fotowerkstatt.at\/?page_id=47"},"modified":"2025-01-12T18:19:28","modified_gmt":"2025-01-12T17:19:28","slug":"werkstuecke","status":"publish","type":"page","link":"https:\/\/www.die-fotowerkstatt.at\/?page_id=47","title":{"rendered":"Werkst\u00fccke"},"content":{"rendered":"","protected":false},"excerpt":{"rendered":"","protected":false},"author":1,"featured_media":0,"parent":0,"menu_order":3,"comment_status":"closed","ping_status":"closed","template":"","meta":{"inline_featured_image":false,"footnotes":""},"class_list":["post-47","page","type-page","status-publish","hentry"],"yoast_head":"<!-- This site is optimized with the Yoast SEO plugin v27.4 - https:\/\/yoast.com\/product\/yoast-seo-wordpress\/ -->\n<title>Werkst\u00fccke : die-fotowerkstatt by Herbert Ne\u00dfmann Fotograf Mondsee<\/title>\n<meta name=\"description\" content=\"Herbert Ne\u00dfmann der Fotograf aus Mondsee. Hochwertige &amp; professionelle Privat- und Businessportraits, Hotelfotos, Imagefotos und Webefotos. Individuelle Beratung jederzeit m\u00f6glich!\" \/>\n<meta name=\"robots\" content=\"index, follow, max-snippet:-1, max-image-preview:large, max-video-preview:-1\" \/>\n<link rel=\"canonical\" href=\"https:\/\/www.die-fotowerkstatt.at\/?page_id=47\" \/>\n<meta property=\"og:locale\" content=\"de_DE\" \/>\n<meta property=\"og:type\" content=\"article\" \/>\n<meta property=\"og:title\" content=\"Werkst\u00fccke : die-fotowerkstatt by Herbert Ne\u00dfmann Fotograf Mondsee\" \/>\n<meta property=\"og:description\" content=\"Herbert Ne\u00dfmann der Fotograf aus Mondsee. Hochwertige &amp; professionelle Privat- und Businessportraits, Hotelfotos, Imagefotos und Webefotos. Individuelle Beratung jederzeit m\u00f6glich!\" \/>\n<meta property=\"og:url\" content=\"https:\/\/www.die-fotowerkstatt.at\/?page_id=47\" \/>\n<meta property=\"og:site_name\" content=\"die-fotowerkstatt by Herbert Ne\u00dfmann Fotograf Mondsee\" \/>\n<meta property=\"article:modified_time\" content=\"2025-01-12T17:19:28+00:00\" \/>\n<meta name=\"twitter:card\" content=\"summary_large_image\" \/>\n<script type=\"application\/ld+json\" class=\"yoast-schema-graph\">{\"@context\":\"https:\\\/\\\/schema.org\",\"@graph\":[{\"@type\":\"WebPage\",\"@id\":\"https:\\\/\\\/www.die-fotowerkstatt.at\\\/?page_id=47\",\"url\":\"https:\\\/\\\/www.die-fotowerkstatt.at\\\/?page_id=47\",\"name\":\"Werkst\u00fccke : die-fotowerkstatt by Herbert Ne\u00dfmann Fotograf Mondsee\",\"isPartOf\":{\"@id\":\"https:\\\/\\\/www.die-fotowerkstatt.at\\\/#website\"},\"datePublished\":\"2020-08-25T16:32:38+00:00\",\"dateModified\":\"2025-01-12T17:19:28+00:00\",\"description\":\"Herbert Ne\u00dfmann der Fotograf aus Mondsee. Hochwertige & professionelle Privat- und Businessportraits, Hotelfotos, Imagefotos und Webefotos. Individuelle Beratung jederzeit m\u00f6glich!\",\"breadcrumb\":{\"@id\":\"https:\\\/\\\/www.die-fotowerkstatt.at\\\/?page_id=47#breadcrumb\"},\"inLanguage\":\"de\",\"potentialAction\":[{\"@type\":\"ReadAction\",\"target\":[\"https:\\\/\\\/www.die-fotowerkstatt.at\\\/?page_id=47\"]}]},{\"@type\":\"BreadcrumbList\",\"@id\":\"https:\\\/\\\/www.die-fotowerkstatt.at\\\/?page_id=47#breadcrumb\",\"itemListElement\":[{\"@type\":\"ListItem\",\"position\":1,\"name\":\"Startseite\",\"item\":\"https:\\\/\\\/www.die-fotowerkstatt.at\\\/\"},{\"@type\":\"ListItem\",\"position\":2,\"name\":\"Werkst\u00fccke\"}]},{\"@type\":\"WebSite\",\"@id\":\"https:\\\/\\\/www.die-fotowerkstatt.at\\\/#website\",\"url\":\"https:\\\/\\\/www.die-fotowerkstatt.at\\\/\",\"name\":\"die-fotowerkstatt\",\"description\":\"\",\"publisher\":{\"@id\":\"https:\\\/\\\/www.die-fotowerkstatt.at\\\/#organization\"},\"potentialAction\":[{\"@type\":\"SearchAction\",\"target\":{\"@type\":\"EntryPoint\",\"urlTemplate\":\"https:\\\/\\\/www.die-fotowerkstatt.at\\\/?s={search_term_string}\"},\"query-input\":{\"@type\":\"PropertyValueSpecification\",\"valueRequired\":true,\"valueName\":\"search_term_string\"}}],\"inLanguage\":\"de\"},{\"@type\":\"Organization\",\"@id\":\"https:\\\/\\\/www.die-fotowerkstatt.at\\\/#organization\",\"name\":\"die-fotowerkstatt\",\"url\":\"https:\\\/\\\/www.die-fotowerkstatt.at\\\/\",\"logo\":{\"@type\":\"ImageObject\",\"inLanguage\":\"de\",\"@id\":\"https:\\\/\\\/www.die-fotowerkstatt.at\\\/#\\\/schema\\\/logo\\\/image\\\/\",\"url\":\"https:\\\/\\\/www.die-fotowerkstatt.at\\\/wp-content\\\/uploads\\\/2021\\\/01\\\/FOTO_210128_Logo2.jpg\",\"contentUrl\":\"https:\\\/\\\/www.die-fotowerkstatt.at\\\/wp-content\\\/uploads\\\/2021\\\/01\\\/FOTO_210128_Logo2.jpg\",\"width\":1299,\"height\":709,\"caption\":\"die-fotowerkstatt\"},\"image\":{\"@id\":\"https:\\\/\\\/www.die-fotowerkstatt.at\\\/#\\\/schema\\\/logo\\\/image\\\/\"}}]}<\/script>\n<!-- \/ Yoast SEO plugin. -->","yoast_head_json":{"title":"Werkst\u00fccke : die-fotowerkstatt by Herbert Ne\u00dfmann Fotograf Mondsee","description":"Herbert Ne\u00dfmann der Fotograf aus Mondsee. Hochwertige & professionelle Privat- und Businessportraits, Hotelfotos, Imagefotos und Webefotos. Individuelle Beratung jederzeit m\u00f6glich!","robots":{"index":"index","follow":"follow","max-snippet":"max-snippet:-1","max-image-preview":"max-image-preview:large","max-video-preview":"max-video-preview:-1"},"canonical":"https:\/\/www.die-fotowerkstatt.at\/?page_id=47","og_locale":"de_DE","og_type":"article","og_title":"Werkst\u00fccke : die-fotowerkstatt by Herbert Ne\u00dfmann Fotograf Mondsee","og_description":"Herbert Ne\u00dfmann der Fotograf aus Mondsee. Hochwertige & professionelle Privat- und Businessportraits, Hotelfotos, Imagefotos und Webefotos. Individuelle Beratung jederzeit m\u00f6glich!","og_url":"https:\/\/www.die-fotowerkstatt.at\/?page_id=47","og_site_name":"die-fotowerkstatt by Herbert Ne\u00dfmann Fotograf Mondsee","article_modified_time":"2025-01-12T17:19:28+00:00","twitter_card":"summary_large_image","schema":{"@context":"https:\/\/schema.org","@graph":[{"@type":"WebPage","@id":"https:\/\/www.die-fotowerkstatt.at\/?page_id=47","url":"https:\/\/www.die-fotowerkstatt.at\/?page_id=47","name":"Werkst\u00fccke : die-fotowerkstatt by Herbert Ne\u00dfmann Fotograf Mondsee","isPartOf":{"@id":"https:\/\/www.die-fotowerkstatt.at\/#website"},"datePublished":"2020-08-25T16:32:38+00:00","dateModified":"2025-01-12T17:19:28+00:00","description":"Herbert Ne\u00dfmann der Fotograf aus Mondsee. Hochwertige & professionelle Privat- und Businessportraits, Hotelfotos, Imagefotos und Webefotos. Individuelle Beratung jederzeit m\u00f6glich!","breadcrumb":{"@id":"https:\/\/www.die-fotowerkstatt.at\/?page_id=47#breadcrumb"},"inLanguage":"de","potentialAction":[{"@type":"ReadAction","target":["https:\/\/www.die-fotowerkstatt.at\/?page_id=47"]}]},{"@type":"BreadcrumbList","@id":"https:\/\/www.die-fotowerkstatt.at\/?page_id=47#breadcrumb","itemListElement":[{"@type":"ListItem","position":1,"name":"Startseite","item":"https:\/\/www.die-fotowerkstatt.at\/"},{"@type":"ListItem","position":2,"name":"Werkst\u00fccke"}]},{"@type":"WebSite","@id":"https:\/\/www.die-fotowerkstatt.at\/#website","url":"https:\/\/www.die-fotowerkstatt.at\/","name":"die-fotowerkstatt","description":"","publisher":{"@id":"https:\/\/www.die-fotowerkstatt.at\/#organization"},"potentialAction":[{"@type":"SearchAction","target":{"@type":"EntryPoint","urlTemplate":"https:\/\/www.die-fotowerkstatt.at\/?s={search_term_string}"},"query-input":{"@type":"PropertyValueSpecification","valueRequired":true,"valueName":"search_term_string"}}],"inLanguage":"de"},{"@type":"Organization","@id":"https:\/\/www.die-fotowerkstatt.at\/#organization","name":"die-fotowerkstatt","url":"https:\/\/www.die-fotowerkstatt.at\/","logo":{"@type":"ImageObject","inLanguage":"de","@id":"https:\/\/www.die-fotowerkstatt.at\/#\/schema\/logo\/image\/","url":"https:\/\/www.die-fotowerkstatt.at\/wp-content\/uploads\/2021\/01\/FOTO_210128_Logo2.jpg","contentUrl":"https:\/\/www.die-fotowerkstatt.at\/wp-content\/uploads\/2021\/01\/FOTO_210128_Logo2.jpg","width":1299,"height":709,"caption":"die-fotowerkstatt"},"image":{"@id":"https:\/\/www.die-fotowerkstatt.at\/#\/schema\/logo\/image\/"}}]}},"_links":{"self":[{"href":"https:\/\/www.die-fotowerkstatt.at\/index.php?rest_route=\/wp\/v2\/pages\/47","targetHints":{"allow":["GET"]}}],"collection":[{"href":"https:\/\/www.die-fotowerkstatt.at\/index.php?rest_route=\/wp\/v2\/pages"}],"about":[{"href":"https:\/\/www.die-fotowerkstatt.at\/index.php?rest_route=\/wp\/v2\/types\/page"}],"author":[{"embeddable":true,"href":"https:\/\/www.die-fotowerkstatt.at\/index.php?rest_route=\/wp\/v2\/users\/1"}],"replies":[{"embeddable":true,"href":"https:\/\/www.die-fotowerkstatt.at\/index.php?rest_route=%2Fwp%2Fv2%2Fcomments&post=47"}],"version-history":[{"count":11,"href":"https:\/\/www.die-fotowerkstatt.at\/index.php?rest_route=\/wp\/v2\/pages\/47\/revisions"}],"predecessor-version":[{"id":246,"href":"https:\/\/www.die-fotowerkstatt.at\/index.php?rest_route=\/wp\/v2\/pages\/47\/revisions\/246"}],"wp:attachment":[{"href":"https:\/\/www.die-fotowerkstatt.at\/index.php?rest_route=%2Fwp%2Fv2%2Fmedia&parent=47"}],"curies":[{"name":"wp","href":"https:\/\/api.w.org\/{rel}","templated":true}]}}